{"id":10,"date":"2025-04-05T13:51:18","date_gmt":"2025-04-05T11:51:18","guid":{"rendered":"https:\/\/seo-pivo.cz\/?page_id=10"},"modified":"2025-10-18T17:01:59","modified_gmt":"2025-10-18T15:01:59","slug":"seo-pivo","status":"publish","type":"page","link":"https:\/\/seo-pivo.cz\/","title":{"rendered":"Co je SEO Pivo?"},"content":{"rendered":"\n<p>SEO pivo je mastermind-like setk\u00e1n\u00ed SEO konzultant\u016f kter\u00e9 prob\u00edh\u00e1 prim\u00e1rn\u011b v Plzni. N\u011bkdo by mohl \u0159\u00edct, \u017ee jsme technokratick\u00e1 komunita, ale nen\u00ed tomu tak. V\u0161e m\u00e1 jasn\u00fd \u0159\u00e1d s jednoduch\u00fdm c\u00edlem&#8230;<\/p>\n\n\n\n<div style=\"height:20px\" aria-hidden=\"true\" class=\"wp-block-spacer\"><\/div>\n\n\n\n<p class=\"has-text-align-center\">&gt;&gt; Potkat se 1x za m\u011bs\u00edc, prodiskutovat SEO a <strong>vz\u00e1jemn\u011b se OBOHATIT<\/strong> &lt;&lt;<\/p>\n\n\n\n<p class=\"has-text-align-center\">(p\u0159\u00ed\u0161t\u00ed akce se kon\u00e1 12.11.2025)<\/p>\n\n\n\n<div style=\"height:20px\" aria-hidden=\"true\" class=\"wp-block-spacer\"><\/div>\n\n\n\n<h2 class=\"wp-block-heading\">Jak to funguje?<\/h2>\n\n\n\n<p><strong>Potk\u00e1v\u00e1me se ka\u017edou druhou st\u0159edu v m\u011bs\u00edci. <\/strong>Potk\u00e1v\u00e1me se v 10 lidech s jednoduch\u00fdm c\u00edlem \u2013 bavit se cel\u00fd ve\u010der prim\u00e1rn\u011b o SEO. A abychom zajistili, \u017ee t\u00e9mata budou v\u017edy zaj\u00edmav\u00e1 tak jsme zavedli prvek hlasov\u00e1n\u00ed.<\/p>\n\n\n\n<div style=\"height:20px\" aria-hidden=\"true\" class=\"wp-block-spacer\"><\/div>\n\n\n\n<p class=\"has-text-align-center\">Akce se aktu\u00e1ln\u011b konaj\u00ed v m\u00f3du 8 + 2<\/p>\n\n\n\n<p class=\"has-text-align-center\">8 nejlep\u0161\u00edch t\u00e9mat m\u00e1 m\u00edsto jist\u00e9 a 2 lid\u00e9 jdou p\u0159es divokou kartu<\/p>\n\n\n\n<div style=\"height:20px\" aria-hidden=\"true\" class=\"wp-block-spacer\"><\/div>\n\n\n\n<h2 class=\"wp-block-heading\">Co je hlasov\u00e1n\u00ed? \ud83d\ude48<\/h2>\n\n\n\n<p>Na konci ka\u017ed\u00e9 akce rozes\u00edl\u00e1me dotazn\u00edk ve kter\u00e9m se <strong>hlasuje o nejlep\u0161\u00edm t\u00e9matu<\/strong> a tak\u00e9 o <strong>7 t\u00e9matech, kter\u00e9 v\u00e1s nejv\u00edce zaujali<\/strong>. To by m\u011blo zajistit, \u017ee na konci budeme schopni vyhl\u00e1sit nejlep\u0161\u00ed t\u00e9ma ve\u010dera a tak\u00e9 ur\u010dit, kter\u00fdch 8 lid\u00ed bude pozv\u00e1no p\u0159\u00ed\u0161t\u011b. <\/p>\n\n\n\n<p>D\u00edky tomu zajit\u00edme, \u017ee <strong>\u00fa\u010dastn\u00edci p\u016fjdou v\u017edy na hranu toho zaj\u00edmav\u00e9ho<\/strong> a nebude to jen o tom co si kdo zrovna p\u0159e\u010detl odpoledne p\u0159ed akc\u00ed. Z\u00e1rove\u0148 si m\u016f\u017eeme b\u00fdt jist\u011bj\u0161\u00ed \u017ee t\u00e9mata budou v\u017edy ta nejlep\u0161\u00ed z nejlep\u0161\u00edch, tud\u00ed\u017e m\u00e1 smysl se nad\u011blit proto\u017ee i v\u00e1m bude nad\u011bleno.<\/p>\n\n\n\n<div style=\"height:20px\" aria-hidden=\"true\" class=\"wp-block-spacer\"><\/div>\n\n\n\n<h2 class=\"wp-block-heading\">\ud83c\udccf Divok\u00e1 karta<\/h2>\n\n\n\n<p>Skrz divokou kartu se m\u016f\u017ee <strong>p\u0159ihl\u00e1sit \u00daPLN\u011a KA\u017dD\u00dd<\/strong> nehled\u011b na to jestli se\u0161 v SEO komunit\u011b nebo z Brna. <a href=\"https:\/\/forms.gle\/aXECRreNnFAPFYuM8\">M\u016f\u017ee\u0161 vyplnit Google Formul\u00e1\u0159<\/a> <sup>(1)<\/sup> a pitchnout tak t\u00e9ma se kter\u00fdm bys cht\u011bl p\u0159ij\u00edt a on\u011bch 8 lid\u00ed kte\u0159\u00ed postoup\u00ed na dal\u0161\u00ed akci si vyhlasuj\u00ed 2 &#8211; 3 <sup>(2)<\/sup> t\u00e9mata kter\u00e9 by cht\u011bli sly\u0161et. <\/p>\n\n\n\n<p>D\u00edky tomu m\u00e1me jistotu, \u017ee to t\u00e9ma se kter\u00fdm p\u0159ijde\u0161 bude zaj\u00edmav\u00e9 a <strong>pokud usp\u011bje\u0161 tak se\u0161 prakticky v core j\u00e1dru<\/strong> a m\u016f\u017ee\u0161 chodit a\u017e dokud tv\u00e1 t\u00e9mata budou zaj\u00edmav\u00e1. \ud83e\udd70 <\/p>\n\n\n\n<p class=\"has-small-font-size\"><em>(1) T\u00e9ma kter\u00e9 n\u00e1m po\u0161le\u0161 je v tomto furmul\u00e1\u0159i a tabulce ulo\u017een\u00e9 do nekone\u010dna. Tj m\u016f\u017ee b\u00fdt vyta\u017eeno hned dal\u0161\u00ed m\u011bs\u00edc nebo tak\u00e9 a\u017e za p\u016fl roku. Pokud t\u011b napadn\u011b n\u011bco jin\u00e9ho v pr\u016fb\u011bhu tak dopl\u0148 a pokud se n\u00e1m to bude l\u00edbit tak t\u011b vybereme. Hlasov\u00e1n\u00ed bude v\u017edy prob\u00edhat odznovu a bez toho ani\u017e by ostatn\u00ed znali jm\u00e9no \u010dlov\u011bka co to postnul.<\/em><\/p>\n\n\n\n<p class=\"has-small-font-size\"><em>(2) T\u00e9mat skrz divokou kartu m\u016f\u017ee b\u00fdt v\u00edce pokud n\u011bkdo z on\u011bch 8 lid\u00ed nepotvrd\u00ed svoji \u00fa\u010dast. Z\u00e1rove\u0148 pracujeme s t\u00edm, \u017ee t\u00e9ma p\u0159es divokou kartu nemus\u00ed pak sed\u011bt i \u010dlov\u011bkovi co ho postnul. Proto se bude ad-hoc hlasovat o v\u00edce t\u00e9matech najednou.<\/em><\/p>\n\n\n\n<div style=\"height:20px\" aria-hidden=\"true\" class=\"wp-block-spacer\"><\/div>\n\n\n\n<h2 class=\"wp-block-heading\">Jak sv\u00fdm t\u00e9matem oslnit?<\/h2>\n\n\n\n<p>M\u016f\u017ee to b\u00fdt case-study na kterou dostane\u0161 validaci, zp\u011btn\u00e1 vazba na detailn\u00ed pl\u00e1n, diskuze nad v\u00fdsledky testu nebo jin\u00fdmi daty, validace spr\u00e1vn\u00e9ho procesu. V\u017edy se zamysli co chce\u0161z\u00edskat a \u010d\u00edm jin\u00e9 lidi inspiruje\u0161. Ide\u00e1ln\u011b aby t\u011b t\u011bch 7 &#8211; 15 minut kdy se budeme bavit o tv\u00e9m t\u00e9matu n\u011bjak v tom t\u00e9matu posunulo d\u00e1l.<\/p>\n\n\n\n<div style=\"height:20px\" aria-hidden=\"true\" class=\"wp-block-spacer\"><\/div>\n\n\n\n<h2 class=\"wp-block-heading\">Pravidla kon\u00e1n\u00ed<\/h2>\n\n\n\n<p>SEO Pivo prob\u00edh\u00e1 v utajovan\u00e9m re\u017eimu. \ud83d\ude48\ud83d\ude4a  Byli bychom r\u00e1di aby z t\u00e9to akce nevznikla z\u00e1znam a ide\u00e1ln\u011b \u017e\u00e1dn\u00fd content, kter\u00fd tu akci a t\u00e9mata sumarizuje a n\u00e1sledn\u011b sd\u00edl\u00ed ve\u0159ejn\u011b my\u0161lenky kter\u00e9 zde padly. <\/p>\n\n\n\n<p>Ka\u017edop\u00e1dn\u011b pohonit si triko na link\u00e1\u010di, \u017ee jde\u0161 a \u017ee ta akce je super m\u016f\u017ee\u0161, a\u0165 udr\u017eujeme FOMO. Ale pamatuj na to, \u017ee c\u00edlem je udr\u017eet bezpe\u010dn\u00fd prostor pro diskuzi.<\/p>\n\n\n\n<div style=\"height:20px\" aria-hidden=\"true\" class=\"wp-block-spacer\"><\/div>\n\n\n\n<h2 class=\"wp-block-heading\">Dal\u0161\u00ed praktick\u00e9 up\u0159esn\u011bn\u00ed na z\u00e1v\u011br&#8230;<\/h2>\n\n\n\n<p>&#8230; skoro a\u017e by se dalo \u0159\u00edct FAQ &#8230;<\/p>\n\n\n\n<div style=\"height:10px\" aria-hidden=\"true\" class=\"wp-block-spacer\"><\/div>\n\n\n\n<h3 class=\"wp-block-heading\">Ob\u00e1v\u00e1m se, \u017ee nem\u00e1m co \u0159\u00edct \/ boj\u00edm se \u017ee dostanu hate&#8230;<\/h3>\n\n\n\n<p>V\u016fbec nen\u00ed \u010deho se b\u00e1t. Nem\u00e1me prezentace na 25 minut nebo na hodinu. Jsou to t\u00e9mata, kter\u00e9 projdeme za 10 &#8211; 15 minut a jsme otev\u0159en\u00ed v\u0161emu co nen\u00ed self-promo. Pokud si d\u00e1\u0161 ten \u010das\/p\u00edli n\u011bco p\u0159ipravit tak SEO je kr\u00e1sn\u00e9 v tom, \u017ee i kdy\u017e to je basic v\u011bc a d\u011bl\u00e1 se dob\u0159e tak se o tom d\u00e1 v\u017edy dob\u0159e pobavit a naj\u00edt n\u011bco dal\u0161\u00edho. Na konci v\u0161ichni stejn\u011b v\u00e1l\u010d\u00edme proti Google a ne proti sob\u011b.<\/p>\n\n\n\n<div style=\"height:20px\" aria-hidden=\"true\" class=\"wp-block-spacer\"><\/div>\n\n\n\n<h3 class=\"wp-block-heading\">Term\u00edn se mi nehod\u00ed, co s t\u00edm?<\/h3>\n\n\n\n<p>Pokud se\u0161 v seznamu t\u011bch 8 \u00fa\u010dastn\u00edk\u016f co minule postoupili pak dej v\u011bd\u011bt co nejd\u0159\u00edv a tv\u00e9 m\u00edsto bude uvoln\u011bno pro dal\u0161\u00ed divokou kartu a na p\u0159\u00ed\u0161t\u011b si vypi\u0161 t\u00e9ma do divok\u00e9 karty.<\/p>\n\n\n\n<div style=\"height:10px\" aria-hidden=\"true\" class=\"wp-block-spacer\"><\/div>\n\n\n\n<h3 class=\"wp-block-heading\">Onemocn\u011bl jsem a na posledn\u00ed chv\u00edli nem\u016f\u017eu p\u0159ij\u00edt&#8230;<\/h3>\n\n\n\n<p>Pak napi\u0161 Martinovi \u017datkovi\u010dovi a on na posledn\u00ed chv\u00edli vybere podle nejlep\u0161\u00edho v\u011bdom\u00ed a sv\u011bdom\u00ed n\u00e1hradn\u00edka z divok\u00e9 karty.<\/p>\n\n\n\n<div style=\"height:10px\" aria-hidden=\"true\" class=\"wp-block-spacer\"><\/div>\n\n\n\n<h3 class=\"wp-block-heading\">Cht\u011bl bych j\u00edt s +1 nebo n\u011bkoho pozvat a\u0165 p\u0159ijde&#8230;<\/h3>\n\n\n\n<p>Pak mu po\u0161li tento web, a\u0165 si p\u0159e\u010dte o divok\u00e9 kart\u011b a vyp\u00ed\u0161e sv\u00e9 t\u00e9ma a r\u00e1di jej uvid\u00edme.<\/p>\n\n\n\n<div style=\"height:20px\" aria-hidden=\"true\" class=\"wp-block-spacer\"><\/div>\n\n\n\n<h3 class=\"wp-block-heading\">Je to elit\u00e1\u0159sk\u00e1 akce?<\/h3>\n\n\n\n<p>Mo\u017en\u00e1 to tak vypad\u00e1, ale podobn\u00fd princip funguje u\u017e na <a href=\"https:\/\/www.ulab.rocks\/ppc-camp\/\">PPC Campu<\/a> nebo <a href=\"https:\/\/seobootcamp.cz\/\">SEO BootCampu<\/a>. Zkou\u0161\u00edme ten koncept jen na m\u011bs\u00ed\u010dn\u00edch akc\u00edch aby to bylo maxim\u00e1ln\u011b p\u0159\u00ednosn\u00e9 pro v\u0161echny z\u00fa\u010dastn\u011bn\u00e9 a aby k n\u00e1m dorazil i n\u011bkdo p\u0159espoln\u00ed. Jak se p\u00ed\u0161e na BootCampu sd\u00edlej a bude ti sd\u00edleno!<\/p>\n\n\n\n<div style=\"height:20px\" aria-hidden=\"true\" class=\"wp-block-spacer\"><\/div>\n\n\n\n<h2 class=\"wp-block-heading\">Kdo to po\u0159\u00e1d\u00e1?<\/h2>\n\n\n\n<p>Cokoliv co t\u011b k akci zaj\u00edm\u00e1 pi\u0161 na  <strong>martin (zavin\u00e1\u010d) zatkovic (te\u010dka) cz<\/strong> a dostane\u0161 odpov\u011b\u010f v nejkrat\u0161\u00ed mo\u017en\u00e9 dob\u011b. <\/p>\n\n\n\n<p>Z\u00e1rove\u0148 vypln\u011bn\u00edm divok\u00e9 karty nebo z\u00fa\u010dastn\u011bn\u00edm se d\u00e1v\u00e1\u0161 svolen\u00ed s kontaktov\u00e1n\u00edm a shromadov\u00e1n\u00edm tv\u00fdch osobn\u00edch \u00fadaj\u016f, ale s t\u00edm tak n\u011bjak po\u010d\u00edt\u00e1\u0161. T\u00edm, \u017ee t\u00e9ma vid\u00ed Martin pak m\u016f\u017ee\u0161 <\/p>\n\n\n\n<div style=\"height:20px\" aria-hidden=\"true\" class=\"wp-block-spacer\"><\/div>\n\n\n\n<h2 class=\"wp-block-heading\">Posledn\u00ed setk\u00e1n\u00ed<\/h2>\n\n\n\n<figure class=\"wp-block-image size-large\"><img loading=\"lazy\" decoding=\"async\" width=\"700\" height=\"527\" src=\"https:\/\/seo-pivo.cz\/wp-content\/uploads\/2025\/04\/image-700x527.png\" alt=\"\" class=\"wp-image-31\" srcset=\"https:\/\/seo-pivo.cz\/wp-content\/uploads\/2025\/04\/image-700x527.png 700w, https:\/\/seo-pivo.cz\/wp-content\/uploads\/2025\/04\/image-300x226.png 300w, https:\/\/seo-pivo.cz\/wp-content\/uploads\/2025\/04\/image-768x578.png 768w, https:\/\/seo-pivo.cz\/wp-content\/uploads\/2025\/04\/image-1536x1156.png 1536w, https:\/\/seo-pivo.cz\/wp-content\/uploads\/2025\/04\/image-800x602.png 800w, https:\/\/seo-pivo.cz\/wp-content\/uploads\/2025\/04\/image-80x60.png 80w, https:\/\/seo-pivo.cz\/wp-content\/uploads\/2025\/04\/image.png 2038w\" sizes=\"auto, (max-width: 700px) 100vw, 700px\" \/><figcaption class=\"wp-element-caption\"><em>Akce z 16.04.2025 v Plzni<\/em><\/figcaption><\/figure>\n\n\n\n<figure class=\"wp-block-image size-large\"><img loading=\"lazy\" decoding=\"async\" width=\"700\" height=\"525\" src=\"https:\/\/seo-pivo.cz\/wp-content\/uploads\/2025\/05\/PXL_20250514_174334797.MP_-700x525.jpg\" alt=\"\" class=\"wp-image-34\" srcset=\"https:\/\/seo-pivo.cz\/wp-content\/uploads\/2025\/05\/PXL_20250514_174334797.MP_-700x525.jpg 700w, https:\/\/seo-pivo.cz\/wp-content\/uploads\/2025\/05\/PXL_20250514_174334797.MP_-300x225.jpg 300w, https:\/\/seo-pivo.cz\/wp-content\/uploads\/2025\/05\/PXL_20250514_174334797.MP_-768x576.jpg 768w, https:\/\/seo-pivo.cz\/wp-content\/uploads\/2025\/05\/PXL_20250514_174334797.MP_-1536x1152.jpg 1536w, https:\/\/seo-pivo.cz\/wp-content\/uploads\/2025\/05\/PXL_20250514_174334797.MP_-2048x1536.jpg 2048w, https:\/\/seo-pivo.cz\/wp-content\/uploads\/2025\/05\/PXL_20250514_174334797.MP_-800x600.jpg 800w, https:\/\/seo-pivo.cz\/wp-content\/uploads\/2025\/05\/PXL_20250514_174334797.MP_-80x60.jpg 80w\" sizes=\"auto, (max-width: 700px) 100vw, 700px\" \/><figcaption class=\"wp-element-caption\"><em>Akce z 14.05.2025 v Plzni<\/em><\/figcaption><\/figure>\n\n\n\n<figure class=\"wp-block-image size-large\"><img loading=\"lazy\" decoding=\"async\" width=\"700\" height=\"527\" src=\"https:\/\/seo-pivo.cz\/wp-content\/uploads\/2025\/06\/image-700x527.png\" alt=\"\" class=\"wp-image-38\" srcset=\"https:\/\/seo-pivo.cz\/wp-content\/uploads\/2025\/06\/image-700x527.png 700w, https:\/\/seo-pivo.cz\/wp-content\/uploads\/2025\/06\/image-300x226.png 300w, https:\/\/seo-pivo.cz\/wp-content\/uploads\/2025\/06\/image-768x578.png 768w, https:\/\/seo-pivo.cz\/wp-content\/uploads\/2025\/06\/image-1536x1156.png 1536w, https:\/\/seo-pivo.cz\/wp-content\/uploads\/2025\/06\/image-2048x1541.png 2048w, https:\/\/seo-pivo.cz\/wp-content\/uploads\/2025\/06\/image-800x602.png 800w, https:\/\/seo-pivo.cz\/wp-content\/uploads\/2025\/06\/image-80x60.png 80w\" sizes=\"auto, (max-width: 700px) 100vw, 700px\" \/><figcaption class=\"wp-element-caption\"><em>Akce z 04.06.2025 v Plzni<\/em><\/figcaption><\/figure>\n\n\n\n<figure class=\"wp-block-image size-large\"><img loading=\"lazy\" decoding=\"async\" width=\"700\" height=\"525\" src=\"https:\/\/seo-pivo.cz\/wp-content\/uploads\/2025\/08\/image-700x525.png\" alt=\"\" class=\"wp-image-42\" srcset=\"https:\/\/seo-pivo.cz\/wp-content\/uploads\/2025\/08\/image-700x525.png 700w, https:\/\/seo-pivo.cz\/wp-content\/uploads\/2025\/08\/image-300x225.png 300w, https:\/\/seo-pivo.cz\/wp-content\/uploads\/2025\/08\/image-768x576.png 768w, https:\/\/seo-pivo.cz\/wp-content\/uploads\/2025\/08\/image-1536x1152.png 1536w, https:\/\/seo-pivo.cz\/wp-content\/uploads\/2025\/08\/image-800x600.png 800w, https:\/\/seo-pivo.cz\/wp-content\/uploads\/2025\/08\/image-80x60.png 80w, https:\/\/seo-pivo.cz\/wp-content\/uploads\/2025\/08\/image.png 2048w\" sizes=\"auto, (max-width: 700px) 100vw, 700px\" \/><figcaption class=\"wp-element-caption\"><em>Akce z 09.07.2025 v Plzni<\/em><\/figcaption><\/figure>\n\n\n\n<figure class=\"wp-block-image size-large\"><img loading=\"lazy\" decoding=\"async\" width=\"700\" height=\"479\" src=\"https:\/\/seo-pivo.cz\/wp-content\/uploads\/2025\/09\/image-700x479.png\" alt=\"\" class=\"wp-image-50\" srcset=\"https:\/\/seo-pivo.cz\/wp-content\/uploads\/2025\/09\/image-700x479.png 700w, https:\/\/seo-pivo.cz\/wp-content\/uploads\/2025\/09\/image-300x205.png 300w, https:\/\/seo-pivo.cz\/wp-content\/uploads\/2025\/09\/image-768x526.png 768w, https:\/\/seo-pivo.cz\/wp-content\/uploads\/2025\/09\/image-800x548.png 800w, https:\/\/seo-pivo.cz\/wp-content\/uploads\/2025\/09\/image.png 894w\" sizes=\"auto, (max-width: 700px) 100vw, 700px\" \/><figcaption class=\"wp-element-caption\"><em>Akce z 13.08.2025 v Plzni<\/em><\/figcaption><\/figure>\n","protected":false},"excerpt":{"rendered":"<p>SEO pivo je mastermind-like setk\u00e1n\u00ed SEO konzultant\u016f kter\u00e9 prob\u00edh\u00e1 prim\u00e1rn\u011b v Plzni. N\u011bkdo by mohl \u0159\u00edct, \u017ee jsme technokratick\u00e1 komunita, ale nen\u00ed tomu tak. V\u0161e m\u00e1 jasn\u00fd \u0159\u00e1d s jednoduch\u00fdm c\u00edlem&#8230; &gt;&gt; Potkat se 1x za m\u011bs\u00edc, prodiskutovat SEO a vz\u00e1jemn\u011b se OBOHATIT &lt;&lt; (p\u0159\u00ed\u0161t\u00ed akce se kon\u00e1 12.11.2025) Jak to funguje? Potk\u00e1v\u00e1me se ka\u017edou&#8230;<\/p>\n","protected":false},"author":1,"featured_media":0,"parent":0,"menu_order":0,"comment_status":"closed","ping_status":"closed","template":"nosidebar.php","meta":{"footnotes":""},"class_list":["post-10","page","type-page","status-publish","hentry"],"_links":{"self":[{"href":"https:\/\/seo-pivo.cz\/index.php?rest_route=\/wp\/v2\/pages\/10","targetHints":{"allow":["GET"]}}],"collection":[{"href":"https:\/\/seo-pivo.cz\/index.php?rest_route=\/wp\/v2\/pages"}],"about":[{"href":"https:\/\/seo-pivo.cz\/index.php?rest_route=\/wp\/v2\/types\/page"}],"author":[{"embeddable":true,"href":"https:\/\/seo-pivo.cz\/index.php?rest_route=\/wp\/v2\/users\/1"}],"replies":[{"embeddable":true,"href":"https:\/\/seo-pivo.cz\/index.php?rest_route=%2Fwp%2Fv2%2Fcomments&post=10"}],"version-history":[{"count":19,"href":"https:\/\/seo-pivo.cz\/index.php?rest_route=\/wp\/v2\/pages\/10\/revisions"}],"predecessor-version":[{"id":56,"href":"https:\/\/seo-pivo.cz\/index.php?rest_route=\/wp\/v2\/pages\/10\/revisions\/56"}],"wp:attachment":[{"href":"https:\/\/seo-pivo.cz\/index.php?rest_route=%2Fwp%2Fv2%2Fmedia&parent=10"}],"curies":[{"name":"wp","href":"https:\/\/api.w.org\/{rel}","templated":true}]}}